{"id":84,"date":"2019-06-21T15:20:52","date_gmt":"2019-06-21T13:20:52","guid":{"rendered":"http:\/\/www.psp.codep45.fr\/?page_id=84"},"modified":"2025-11-07T12:42:48","modified_gmt":"2025-11-07T11:42:48","slug":"contact","status":"publish","type":"page","link":"http:\/\/www.psp.codep45.fr\/index.php\/contact\/","title":{"rendered":"Effectif et Contact"},"content":{"rendered":"<p>\u00a0<\/p>\n<p><strong>\u00a0 \u00a0 \u00a0 \u00a0 \u00a0 \u00a0 \u00a0 \u00a0 \u00a0 \u00a0 \u00a0 \u00a0 \u00a0 \u00a0 \u00a0 \u00a0 \u00a0 EFFECTIF<\/strong><\/p>\n<p>(2023\/03\/20) Le d\u00e9partement compte:<\/p>\n<p>10 arbitres<\/p>\n<p>\u00a01 Juge F\u00e9d\u00e9ral 1er degr\u00e9 (JF1)<\/p>\n<p>\u00a01 Juge F\u00e9d\u00e9ral 2e degr\u00e9 (JF2)<\/p>\n<p>\u00a02 Entraineurs F\u00e9d\u00e9raux 1er degr\u00e9 (EF1)\u00a0<\/p>\n<p>\u00a01 Entraineur F\u00e9d\u00e9ral 2e degr\u00e9 (EF2)<\/p>\n<p>\u00a01 ESCORTE<\/p>\n<p>\u00a0<\/p>\n<p>\u00a0 \u00a0 \u00a0 \u00a0 \u00a0 \u00a0 \u00a0 \u00a0 \u00a0 \u00a0 \u00a0 \u00a0 \u00a0 \u00a0 \u00a0 \u00a0 \u00a0 \u00a0 <strong>CONTACT\u00a0<\/strong><\/p>\n<p style=\"text-align: center;\"><span style=\"color: #3366ff;\">Hugues LEGOIS<\/span><\/p>\n<p style=\"text-align: center;\"><span style=\"color: #3366ff;\">mail : h.legois.pspcodep45@orange.fr<\/span><\/p>\n<p style=\"text-align: center;\"><span style=\"color: #3366ff;\">Tel : 0647375264<\/span><\/p>\n<p>\u00a0 \u00a0 \u00a0\u00a0 \u00a0 \u00a0 \u00a0 \u00a0<img loading=\"lazy\" decoding=\"async\" class=\"aligncenter\" src=\"https:\/\/image-uniservice.linternaute.com\/image\/450\/1997834751\/11343644.jpg\" alt=\"R\u00c3\u00a9sultat de recherche d'images pour &quot;hugues legois&quot;\" width=\"267\" height=\"267\" \/><\/p>\n\n\n<p><\/p>\n","protected":false},"excerpt":{"rendered":"<p>\u00a0 \u00a0 \u00a0 \u00a0 \u00a0 \u00a0 \u00a0 \u00a0 \u00a0 \u00a0 \u00a0 \u00a0 \u00a0 \u00a0 \u00a0 \u00a0 \u00a0 \u00a0 EFFECTIF (2023\/03\/20) Le d\u00e9partement compte: 10 arbitres \u00a01 Juge F\u00e9d\u00e9ral 1er degr\u00e9 (JF1) \u00a01 Juge F\u00e9d\u00e9ral 2e degr\u00e9 (JF2) \u00a02 Entraineurs F\u00e9d\u00e9raux 1er degr\u00e9 (EF1)\u00a0 \u00a01 Entraineur F\u00e9d\u00e9ral 2e degr\u00e9 (EF2) \u00a01 ESCORTE \u00a0 \u00a0 \u00a0 \u00a0 &hellip; <\/p>\n<p class=\"link-more\"><a href=\"http:\/\/www.psp.codep45.fr\/index.php\/contact\/\" class=\"more-link\">Continue reading<span class=\"screen-reader-text\"> &#8220;Effectif et Contact&#8221;<\/span><\/a><\/p>\n","protected":false},"author":1,"featured_media":0,"parent":0,"menu_order":0,"comment_status":"closed","ping_status":"closed","template":"","meta":{"footnotes":""},"class_list":["post-84","page","type-page","status-publish","hentry"],"_links":{"self":[{"href":"http:\/\/www.psp.codep45.fr\/index.php\/wp-json\/wp\/v2\/pages\/84","targetHints":{"allow":["GET"]}}],"collection":[{"href":"http:\/\/www.psp.codep45.fr\/index.php\/wp-json\/wp\/v2\/pages"}],"about":[{"href":"http:\/\/www.psp.codep45.fr\/index.php\/wp-json\/wp\/v2\/types\/page"}],"author":[{"embeddable":true,"href":"http:\/\/www.psp.codep45.fr\/index.php\/wp-json\/wp\/v2\/users\/1"}],"replies":[{"embeddable":true,"href":"http:\/\/www.psp.codep45.fr\/index.php\/wp-json\/wp\/v2\/comments?post=84"}],"version-history":[{"count":12,"href":"http:\/\/www.psp.codep45.fr\/index.php\/wp-json\/wp\/v2\/pages\/84\/revisions"}],"predecessor-version":[{"id":550,"href":"http:\/\/www.psp.codep45.fr\/index.php\/wp-json\/wp\/v2\/pages\/84\/revisions\/550"}],"wp:attachment":[{"href":"http:\/\/www.psp.codep45.fr\/index.php\/wp-json\/wp\/v2\/media?parent=84"}],"curies":[{"name":"wp","href":"https:\/\/api.w.org\/{rel}","templated":true}]}}