{"id":203,"date":"2019-07-03T13:34:31","date_gmt":"2019-07-03T11:34:31","guid":{"rendered":"http:\/\/www.psp.codep45.fr\/?page_id=203"},"modified":"2024-11-07T17:29:05","modified_gmt":"2024-11-07T16:29:05","slug":"effectif","status":"publish","type":"page","link":"http:\/\/www.psp.codep45.fr\/","title":{"rendered":"PSP pour qui, pour quoi et comment?"},"content":{"rendered":"\n<p><\/p>\n\n\n\n<p><\/p>\n\n\n\n<p> ***********************************************************************<\/p>\n\n\n\n<p><strong>2024 11 04 NOUVEAU SITE INTERNET  <\/strong>: <\/p>\n\n\n\n<p>https:\/\/codep45ffessmhCodep45ffessm.vpdive.com\/w\/accueil-2<\/p>\n\n\n\n<p>***********************************************************************<\/p>\n\n\n\n<p><\/p>\n\n\n\n<p><strong>La pr\u00e9sentation<\/strong><\/p>\n\n\n\n<p>La <strong>P<\/strong>long\u00e9e <strong>S<\/strong>portive en <strong>P<\/strong>iscine ou sport diving se d\u00e9finie comme<br>l\u2019ensemble<br>d\u2019\u00e9preuves subaquatiques individuelles ou d\u2019\u00e9quipes \u00e0 caract\u00e8re comp\u00e9titif et r\u00e9glement\u00e9,<br>se d\u00e9roulant en piscine (milieu permanent et non fluctuant)<\/p>\n\n\n\n<p><strong>POUR QUI<\/strong><\/p>\n\n\n\n<p>Pour tous licenci\u00e9s \u00e0 la FFESSM&nbsp;<\/p>\n\n\n\n<p>*PE12 en loisir<\/p>\n\n\n\n<p>*Plongeur OR ou *Niveau 1<\/p>\n\n\n\n<p>*PESH dans les pr\u00e9rogatives&nbsp;<\/p>\n\n\n\n<p><strong>Les pratiquantes et les pratiquants (pspeuses et pspeurs)&nbsp;<\/strong><\/p>\n\n\n\n<p><strong>en loisir,<\/strong><br>Avec un Certificat m\u00e9dical d\u2019Absence de Contre-Indication (CACI) \u00e0 la pratique des activit\u00e9s subaquatiques<\/p>\n\n\n\n<p>Consultable sur page Liens puis cliquer sur adresse du <strong>4)<\/strong><\/p>\n\n\n\n<p><strong>en comp\u00e9tition<\/strong><\/p>\n\n\n\n<p>\u00e0 partir de 12ans<strong>,<\/strong><br>Avec un CACI sp\u00e9cifique \u00e0 la comp\u00e9tition &amp; une assurance loisir 1 minimum<\/p>\n\n\n\n<p>Consultable sur page Liens puis cliquer sur adresse du <strong>4)<\/strong><\/p>\n\n\n\n<p>.<\/p>\n\n\n\n<p><\/p>\n\n\n\n<p>*PESH (Plongeur En Situation de Handicap)<\/p>\n\n\n\n<p><strong>en initiation<\/strong> avec encadrant r\u00e9pondant aux pr\u00e9rogatives<\/p>\n\n\n\n<p><strong>Les arbitres<\/strong><\/p>\n\n\n\n<p>Jusqu\u2019\u00e0 5 \u00e9preuves par comp\u00e9tition et rarement affect\u00e9s aux m\u00eame postes:<\/p>\n\n\n\n<figure class=\"wp-block-image size-full\"><img loading=\"lazy\" decoding=\"async\" width=\"707\" height=\"264\" src=\"http:\/\/www.psp.codep45.fr\/wp-content\/uploads\/2022\/03\/Capture-decran-70.png\" alt=\"\" class=\"wp-image-419\" srcset=\"http:\/\/www.psp.codep45.fr\/wp-content\/uploads\/2022\/03\/Capture-decran-70.png 707w, http:\/\/www.psp.codep45.fr\/wp-content\/uploads\/2022\/03\/Capture-decran-70-300x112.png 300w\" sizes=\"auto, (max-width: 707px) 100vw, 707px\" \/><\/figure>\n\n\n\n<p><\/p>\n\n\n\n<p><strong>POURQUOI<\/strong><\/p>\n\n\n\n<p>La PSP permet:<\/p>\n\n\n\n<p>un entretien de la condition physique:<\/p>\n\n\n\n<p>&nbsp;s\u00e9ances <strong>PMT<\/strong> ludiques et\/ou sportives<\/p>\n\n\n\n<p>un rappel des sensations de <strong>l\u2019apn\u00e9e<\/strong>:<\/p>\n\n\n\n<p>&nbsp;s\u00e9ances dynamiques de la surface et\/ou du fond &nbsp; &nbsp;&nbsp;<\/p>\n\n\n\n<p>un maintien de la technique:<\/p>\n\n\n\n<p>s\u00e9ances avec <strong>scaphandre<\/strong> ludiques et\/ou sportives<\/p>\n\n\n\n<p><strong>COMMENTAIRE<\/strong><\/p>\n\n\n\n<p>En loisir,<br>En comp\u00e9tition,<\/p>\n\n\n\n<p>Les plongeurs utilisent du mat\u00e9riel de plong\u00e9e uniquement et pratiquent la PSP exclusivement en piscine (pratique en fosse non autoris\u00e9e) &nbsp;<\/p>\n\n\n\n<p><strong>Soir\u00e9e initiation d\u00e9couverte sur demande!<\/strong><\/p>\n\n\n\n<p>De nombreux d\u00e9tails sur la PSP via la page<strong> Liens&nbsp;<\/strong>en cliquant sur adresse <strong>1)<\/strong> &nbsp; &nbsp; &nbsp; &nbsp;<\/p>\n","protected":false},"excerpt":{"rendered":"<p>*********************************************************************** 2024 11 04 NOUVEAU SITE INTERNET : https:\/\/codep45ffessmhCodep45ffessm.vpdive.com\/w\/accueil-2 *********************************************************************** La pr\u00e9sentation La Plong\u00e9e Sportive en Piscine ou sport diving se d\u00e9finie commel\u2019ensembled\u2019\u00e9preuves subaquatiques individuelles ou d\u2019\u00e9quipes \u00e0 caract\u00e8re comp\u00e9titif et r\u00e9glement\u00e9,se d\u00e9roulant en piscine (milieu permanent et non fluctuant) POUR QUI Pour tous licenci\u00e9s \u00e0 la FFESSM&nbsp; *PE12 en loisir *Plongeur OR ou *Niveau &hellip; <\/p>\n<p class=\"link-more\"><a href=\"http:\/\/www.psp.codep45.fr\/\" class=\"more-link\">Continue reading<span class=\"screen-reader-text\"> &#8220;PSP pour qui, pour quoi et comment?&#8221;<\/span><\/a><\/p>\n","protected":false},"author":1,"featured_media":0,"parent":0,"menu_order":0,"comment_status":"closed","ping_status":"closed","template":"","meta":{"footnotes":""},"class_list":["post-203","page","type-page","status-publish","hentry"],"_links":{"self":[{"href":"http:\/\/www.psp.codep45.fr\/index.php\/wp-json\/wp\/v2\/pages\/203","targetHints":{"allow":["GET"]}}],"collection":[{"href":"http:\/\/www.psp.codep45.fr\/index.php\/wp-json\/wp\/v2\/pages"}],"about":[{"href":"http:\/\/www.psp.codep45.fr\/index.php\/wp-json\/wp\/v2\/types\/page"}],"author":[{"embeddable":true,"href":"http:\/\/www.psp.codep45.fr\/index.php\/wp-json\/wp\/v2\/users\/1"}],"replies":[{"embeddable":true,"href":"http:\/\/www.psp.codep45.fr\/index.php\/wp-json\/wp\/v2\/comments?post=203"}],"version-history":[{"count":24,"href":"http:\/\/www.psp.codep45.fr\/index.php\/wp-json\/wp\/v2\/pages\/203\/revisions"}],"predecessor-version":[{"id":499,"href":"http:\/\/www.psp.codep45.fr\/index.php\/wp-json\/wp\/v2\/pages\/203\/revisions\/499"}],"wp:attachment":[{"href":"http:\/\/www.psp.codep45.fr\/index.php\/wp-json\/wp\/v2\/media?parent=203"}],"curies":[{"name":"wp","href":"https:\/\/api.w.org\/{rel}","templated":true}]}}